{"id":1513,"date":"2026-01-31T18:06:54","date_gmt":"2026-01-31T18:06:54","guid":{"rendered":"https:\/\/ozbego.com\/?post_type=product&#038;p=1513"},"modified":"2026-01-31T18:06:54","modified_gmt":"2026-01-31T18:06:54","slug":"ozbego-2","status":"publish","type":"product","link":"https:\/\/ozbego.com\/index.php\/urun\/ozbego-2\/","title":{"rendered":"Ozbego 2"},"content":{"rendered":"<div>\ud83d\udc64 Kimler i\u00e7in ideal?<\/div>\n<div>\u2022Ba\u015flang\u0131\u00e7 \u2192 orta seviye<\/div>\n<div>\u2022Dengeli ama biraz daha agresif oynamak isteyenler<\/div>\n<div>\u2022Hem savunma hem h\u00fccum oynayanlar<\/div>\n<div><\/div>\n<div>\u2b50 \u00d6ne \u00e7\u0131kan avantaj<\/div>\n<div><\/div>\n<div>Kontrol + g\u00fc\u00e7 dengesi, \u00e7ok y\u00f6nl\u00fc oyun<\/div>\n<div><\/div>\n<div>\u2e3b<\/div>\n<div><\/div>\n<div>\ud83d\udce6 HER \u0130K\u0130 MODELDE ORTAK SET \u0130\u00c7ER\u0130\u011e\u0130<\/div>\n<div>\u20221\u00d7 OZBEGO Padel Raketi<\/div>\n<div>\u20221\u00d7 Ta\u015f\u0131ma \u00e7antas\u0131<\/div>\n<div>\u20222\u00d7 Overgrip<\/div>\n<div>\u20221\u00d7 El bilek kay\u0131\u015f\u0131<\/div>\n<div>\u20221\u00d7 \u00c7er\u00e7eve koruyucu film<\/div>\n","protected":false},"excerpt":{"rendered":"<p>\ud83d\udc64 Kimler i\u00e7in ideal? \u2022Ba\u015flang\u0131\u00e7 \u2192 orta seviye \u2022Dengeli ama biraz daha agresif oynamak isteyenler \u2022Hem savunma hem h\u00fccum oynayanlar \u2b50 \u00d6ne \u00e7\u0131kan avantaj Kontrol + g\u00fc\u00e7 dengesi, \u00e7ok y\u00f6nl\u00fc oyun \u2e3b \ud83d\udce6 HER \u0130K\u0130 MODELDE ORTAK SET \u0130\u00c7ER\u0130\u011e\u0130 \u20221\u00d7 OZBEGO Padel Raketi \u20221\u00d7 Ta\u015f\u0131ma \u00e7antas\u0131 \u20222\u00d7 Overgrip \u20221\u00d7 El bilek kay\u0131\u015f\u0131 \u20221\u00d7 \u00c7er\u00e7eve koruyucu film<\/p>\n","protected":false},"featured_media":1514,"comment_status":"open","ping_status":"closed","template":"","meta":[],"product_brand":[],"product_cat":[15],"product_tag":[],"class_list":{"0":"post-1513","1":"product","2":"type-product","3":"status-publish","4":"has-post-thumbnail","6":"product_cat-genel","8":"first","9":"instock","10":"shipping-taxable","11":"product-type-simple"},"_links":{"self":[{"href":"https:\/\/ozbego.com\/index.php\/wp-json\/wp\/v2\/product\/1513","targetHints":{"allow":["GET"]}}],"collection":[{"href":"https:\/\/ozbego.com\/index.php\/wp-json\/wp\/v2\/product"}],"about":[{"href":"https:\/\/ozbego.com\/index.php\/wp-json\/wp\/v2\/types\/product"}],"replies":[{"embeddable":true,"href":"https:\/\/ozbego.com\/index.php\/wp-json\/wp\/v2\/comments?post=1513"}],"wp:featuredmedia":[{"embeddable":true,"href":"https:\/\/ozbego.com\/index.php\/wp-json\/wp\/v2\/media\/1514"}],"wp:attachment":[{"href":"https:\/\/ozbego.com\/index.php\/wp-json\/wp\/v2\/media?parent=1513"}],"wp:term":[{"taxonomy":"product_brand","embeddable":true,"href":"https:\/\/ozbego.com\/index.php\/wp-json\/wp\/v2\/product_brand?post=1513"},{"taxonomy":"product_cat","embeddable":true,"href":"https:\/\/ozbego.com\/index.php\/wp-json\/wp\/v2\/product_cat?post=1513"},{"taxonomy":"product_tag","embeddable":true,"href":"https:\/\/ozbego.com\/index.php\/wp-json\/wp\/v2\/product_tag?post=1513"}],"curies":[{"name":"wp","href":"https:\/\/api.w.org\/{rel}","templated":true}]}}